{"id":5,"date":"2022-01-03T12:10:12","date_gmt":"2022-01-03T12:10:12","guid":{"rendered":"https:\/\/chrisweb.ch\/?page_id=5"},"modified":"2025-03-24T10:23:30","modified_gmt":"2025-03-24T10:23:30","slug":"start","status":"publish","type":"page","link":"https:\/\/chrisweb.ch\/","title":{"rendered":"chrisweb.ch"},"content":{"rendered":"<p><a href=\"https:\/\/chrisweb.ch\/?page_id=655\">Familienbuch Sch\u00f6nenberger-Leoni und Materialien<\/a><\/p>\n<p><a href=\"https:\/\/chrisweb.ch\/?page_id=515\">Schoenenberger-Leoni<\/a><\/p>\n<p><a href=\"https:\/\/chrisweb.ch\/?page_id=512\">B\u00fcchi-H\u00e4ller (und Willy B\u00fcchi)<\/a><\/p>\n<p><a href=\"https:\/\/chrisweb.ch\/?page_id=31\">B\u00fcchi-Sch\u00f6nenberger<\/a><\/p>\n<p><a href=\"https:\/\/chrisweb.ch\/?page_id=568\">Schoenenberger-Meyer<\/a><\/p>\n<p>&nbsp;<\/p>\n<p><a href=\"https:\/\/chrisweb.ch\/?page_id=25\">H\u00e4lg-Sch\u00e4r<\/a><\/p>\n<p><a href=\"https:\/\/chrisweb.ch\/?page_id=410\">Saupe-Grabner (und Saupe-Bohli)<\/a><\/p>\n<p><a href=\"https:\/\/chrisweb.ch\/?page_id=239\">H\u00e4lg-Saupe<\/a><\/p>\n<p><a href=\"https:\/\/chrisweb.ch\/?page_id=697\">Enderli-H\u00e4lg<\/a><\/p>\n<p>&nbsp;<\/p>\n","protected":false},"excerpt":{"rendered":"<p>Familienbuch Sch\u00f6nenberger-Leoni und Materialien Schoenenberger-Leoni B\u00fcchi-H\u00e4ller (und Willy B\u00fcchi) B\u00fcchi-Sch\u00f6nenberger Schoenenberger-Meyer &nbsp; H\u00e4lg-Sch\u00e4r Saupe-Grabner (und Saupe-Bohli) H\u00e4lg-Saupe Enderli-H\u00e4lg &nbsp;<\/p>\n","protected":false},"author":1,"featured_media":0,"parent":0,"menu_order":0,"comment_status":"closed","ping_status":"closed","template":"","meta":{"footnotes":""},"class_list":["post-5","page","type-page","status-publish","hentry"],"_links":{"self":[{"href":"https:\/\/chrisweb.ch\/index.php?rest_route=\/wp\/v2\/pages\/5","targetHints":{"allow":["GET"]}}],"collection":[{"href":"https:\/\/chrisweb.ch\/index.php?rest_route=\/wp\/v2\/pages"}],"about":[{"href":"https:\/\/chrisweb.ch\/index.php?rest_route=\/wp\/v2\/types\/page"}],"author":[{"embeddable":true,"href":"https:\/\/chrisweb.ch\/index.php?rest_route=\/wp\/v2\/users\/1"}],"replies":[{"embeddable":true,"href":"https:\/\/chrisweb.ch\/index.php?rest_route=%2Fwp%2Fv2%2Fcomments&post=5"}],"version-history":[{"count":55,"href":"https:\/\/chrisweb.ch\/index.php?rest_route=\/wp\/v2\/pages\/5\/revisions"}],"predecessor-version":[{"id":748,"href":"https:\/\/chrisweb.ch\/index.php?rest_route=\/wp\/v2\/pages\/5\/revisions\/748"}],"wp:attachment":[{"href":"https:\/\/chrisweb.ch\/index.php?rest_route=%2Fwp%2Fv2%2Fmedia&parent=5"}],"curies":[{"name":"wp","href":"https:\/\/api.w.org\/{rel}","templated":true}]}}